{"id":4099,"date":"2021-05-23T14:24:07","date_gmt":"2021-05-23T12:24:07","guid":{"rendered":"https:\/\/esmentguies.es\/politica-cookies\/"},"modified":"2025-02-13T13:06:24","modified_gmt":"2025-02-13T12:06:24","slug":"politica-cookies","status":"publish","type":"page","link":"https:\/\/esmentguies.es\/ca\/politica-cookies\/","title":{"rendered":"Pol\u00edtica de cookies"},"content":{"rendered":"<h3><\/h3>\n<h3>QU\u00c8 S\u00d3N LES COOKIES?<\/h3>\n<p>Aquest lloc web utilitza galetes i\/o tecnologies similars que emmagatzemen i recuperen informaci\u00f3 quan navega. En general, aquestes tecnologies poden servir per a finalitats molt diverses, com ara recon\u00e8ixer-lo com a usuari, obtenir informaci\u00f3 sobre els seus h\u00e0bits de navegaci\u00f3 o personalitzar la manera com es mostra el contingut.<br \/>\n Hi ha cookies que s\u00f3n controlades i gestionades pel propi titular de la Web (s\u00f3n anomenades \u201ccookies pr\u00f2pies\u201d) i altres que ho s\u00f3n per tercers (s\u00f3n conegudes com \u201ccookies de tercers\u201d), per exemple, perqu\u00e8 aquests proporcionen una eina o una funcionalitat integrada a la web.<br \/>\n Els usos concrets que fem daquestes tecnologies es descriuen a continuaci\u00f3.<\/p>\n<h3>QUIN TIPUS DE COOKIES UTILITZEM I PER A QU\u00c8?<\/h3>\n<p>En aquesta web utilitzem els seg\u00fcents tipus de cookies:<\/p>\n<ol>\n<li>Cookies t\u00e8cniques o indispensables a la prestaci\u00f3 dels serveis: S\u00f3n aquelles que permeten a l&#8217;usuari la navegaci\u00f3 a trav\u00e9s d&#8217;una p\u00e0gina web, plataforma o aplicaci\u00f3 i la utilitzaci\u00f3 de les diferents opcions o serveis que hi hagi, incloent-hi aquelles que s&#8217;utilitzen per permetre la gesti\u00f3 i operativa de la p\u00e0gina web i habilitar les seves funcions i serveis, com per exemple controlar el tr\u00e0nsit i la comunicaci\u00f3 de dades, identificar el proc\u00e9s de compra d&#8217;una comanda, gestionar el pagament, controlar el frau vinculat a la seguretat del servei, realitzar la sol\u00b7licitud d&#8217;inscripci\u00f3 o participaci\u00f3 en un esdeveniment, comptar visites a efectes de la facturaci\u00f3 de llic\u00e8ncies del programari amb qu\u00e8 funciona el servei (lloc web, plataforma o aplicaci\u00f3), utilitzar elements de seguretat durant la navegaci\u00f3, emmagatzemar continguts per a la difusi\u00f3 de v\u00eddeos o so, habilitar contenidos . Tamb\u00e9 s&#8217;inclouen en aquesta categoria les galetes destinades a la gesti\u00f3 dels nostres espais publicitaris en base a criteris t\u00e8cnics com el contingut editat, la freq\u00fc\u00e8ncia en qu\u00e8 es mostren els anuncis o el control de l&#8217;origen del client potencial quan aquest hagi activat un enlla\u00e7 publicitari des d&#8217;una web adherida a programes de m\u00e0rqueting per afiliaci\u00f3.<\/li>\n<\/ol>\n<p>Aquestes galetes estan exceptuades del compliment de les obligacions establertes a l&#8217;article 22.2 de la LSSI.<\/p>\n<p>S&#8217;informa a l&#8217;usuari que en accedir a continguts de la xarxa social Instagram que es mostra a la nostra web, \u00e9s possible que l&#8217;entitat responsable d&#8217;aquesta xarxa social instal\u00b7li galetes pr\u00f2pies amb finalitats que excedeixen les purament t\u00e8cniques. Nosaltres no tenim cap control sobre aquestes galetes, ni realitzem cap tractament de les dades que pugui demanar. Podeu desactivar la instal\u00b7laci\u00f3 d&#8217;aquestes galetes mitjan\u00e7ant la configuraci\u00f3 del vostre navegador segons el que descriu l&#8217;apartat \u201cCOM PUC GESTIONAR LES COOKIES?\u201d. Podeu obtenir m\u00e9s informaci\u00f3 a les pol\u00edtiques de cookies d&#8217;Instagram, disponible al seg\u00fcent enlla\u00e7:<\/p>\n<ul>\n<li>INSTAGRAM (Meta Platforms Ireland Ltd. amb domicili a 4 Grand Canal Square, Grand Canal Harbour, Dublin 2 Ireland.): https:\/\/help.instagram.com\/1896641480634370)<\/li>\n<\/ul>\n<h5>Galetes d&#8217;an\u00e0lisi o mesura:<\/h5>\n<ol>\n<li>Utilitzem les cookies de GOOGLE ANALYTICS per recopilar estad\u00edstiques an\u00f2nimes i conjuntes sobre les accions realitzades pels nostres usuaris a la nostra web per comprendre la manera com la utilitzen, per tal de millorar-la. La informaci\u00f3 que es recompila no inclou informaci\u00f3 relativa als usuaris.<\/li>\n<\/ol>\n<p>GOOGLE ANALYTICS \u00e9s una eina prove\u00efda per Google, Inc. amb domicili el 1600 Amphitheatre Parkway. Mountain View, CA 94043. EE.UU. Podeu obtenir m\u00e9s informaci\u00f3 sobre el funcionament de GOOGLE ANALYTICS i les cookies utilitzades per aquest servei als seg\u00fcents enlla\u00e7os:<\/p>\n<ul>\n<li>https:\/\/support.google.com\/analytics\/answer\/6004245<\/li>\n<li>http:\/\/www.google.com\/intl\/es\/policies\/privacy\/<\/li>\n<\/ul>\n<h3>TRANSFER\u00c8NCIES DE DADES TERCERS PA\u00cfSOS<\/h3>\n<p>Podeu informar-vos de les transfer\u00e8ncies a tercers pa\u00efsos que, si escau, realitza GOOGLE en les seves pol\u00edtiques (vegeu els enlla\u00e7os facilitats a l&#8217;apartat \u201cCookies d&#8217;an\u00e0lisi o mesurament\u201d).<\/p>\n<h3><\/h3>\n<h3>PER\u00cdODE DE CONSERVACI\u00d3 DE LES DADES<\/h3>\n<p>Certes cookies es cancel\u00b7len un cop finalitzada la navegaci\u00f3 a la web (cookies de sessi\u00f3) mentre que altres poden seguir emmagatzemades a l&#8217;equip dels usuaris i ser accedides per un per\u00edode m\u00e9s llarg (cookies persistents).<\/p>\n<p>Les galetes de GOOGLE ANALYTICS s\u00f3n cancel\u00b7lades als 2 anys. Podeu obtenir m\u00e9s informaci\u00f3 sobre els terminis de caducitat de les galetes de Google en les vostres pol\u00edtiques (vegeu els enlla\u00e7os facilitats a l&#8217;apartat \u201cCookies d&#8217;an\u00e0lisi o mesurament\u201d).<\/p>\n<h3>DRETS DE L&#8217;INTERESSAT<\/h3>\n<p>La informaci\u00f3 obtinguda de les galetes de GOOGLE ANALYTICS \u00e9s an\u00f2nima. Les galetes t\u00e8cniques o indispensables a la prestaci\u00f3 dels serveis nom\u00e9s podrien ser associades a un usuari concret en cas que aquest usuari estigui identificat a la web. Si \u00e9s aix\u00ed, aquestes dades seran tractades per a la prestaci\u00f3 dels serveis sol\u00b7licitats. En qualsevol moment els usuaris afectats podran exercitar el seu dret a sol\u00b7licitar l&#8217;acc\u00e9s, la rectificaci\u00f3 o la supressi\u00f3, la limitaci\u00f3 del tractament i la portabilitat de les seves dades, aix\u00ed com a oposar-se al seu tractament ia presentar una reclamaci\u00f3 davant d&#8217;una autoritat de control. M\u00e9s informaci\u00f3 sobre protecci\u00f3 de dades i els seus drets a la <a href=\"https:\/\/esmentguies.es\/ca\/politica-de-privacidad\/\">pol\u00edtica de privadesa<\/a> de la web.<\/p>\n<h3>COM PUC GESTIONAR LES COOKIES?<\/h3>\n<p>Podeu gestionar les cookies mitjan\u00e7ant la configuraci\u00f3 del vostre navegador:<\/p>\n<p>Par\u00e0metres del navegador: Podeu permetre o bloquejar les cookies, aix\u00ed com esborrar les vostres dades de navegaci\u00f3 (incloses les cookies) des del navegador que vost\u00e8 utilitza. Consulteu les opcions i instruccions que ofereix el vostre navegador. Tingueu en compte que, si accepteu les galetes de tercers, haureu d&#8217;eliminar-les des de les opcions del navegador.<br \/>\n Podeu desactivar les galetes de GOOGLE ANALYTICS mitjan\u00e7ant la instal\u00b7laci\u00f3 al vostre navegador del complement d&#8217;inhabilitaci\u00f3 creat per Google i disponible al seg\u00fcent enlla\u00e7: <a href=\"https:\/\/tools.google.com\/dlpage\/gaoptout?hl=es\">https:\/\/tools.google.com\/dlpage\/gaoptout?hl=ca<\/a><br \/>\n En cas de desactivar les cookies, \u00e9s possible que no pugueu fer \u00fas de totes les funcionalitats del web.<\/p>\n<p>\u00daltima revisi\u00f3: 22 de gener de 2024<strong style=\"font-size: 16px;\"> <\/strong><\/p>\n<p>&nbsp;<\/p>\n","protected":false},"excerpt":{"rendered":"<p>QU\u00c8 S\u00d3N LES COOKIES? Aquest lloc web utilitza galetes i\/o tecnologies similars que emmagatzemen i recuperen informaci\u00f3 quan navega. En general, aquestes tecnologies poden servir per a finalitats molt diverses, com ara recon\u00e8ixer-lo com a usuari, obtenir informaci\u00f3 sobre els seus h\u00e0bits de navegaci\u00f3 o personalitzar la manera com es mostra el contingut. Hi ha [&hellip;]<\/p>\n","protected":false},"author":1,"featured_media":0,"parent":0,"menu_order":0,"comment_status":"closed","ping_status":"closed","template":"","meta":{"_uag_custom_page_level_css":"","site-sidebar-layout":"default","site-content-layout":"default","ast-site-content-layout":"default","site-content-style":"default","site-sidebar-style":"default","ast-global-header-display":"","ast-banner-title-visibility":"","ast-main-header-display":"","ast-hfb-above-header-display":"","ast-hfb-below-header-display":"","ast-hfb-mobile-header-display":"","site-post-title":"","ast-breadcrumbs-content":"","ast-featured-img":"","footer-sml-layout":"","ast-disable-related-posts":"","theme-transparent-header-meta":"default","adv-header-id-meta":"4037","stick-header-meta":"default","header-above-stick-meta":"","header-main-stick-meta":"","header-below-stick-meta":"","astra-migrate-meta-layouts":"set","ast-page-background-enabled":"default","ast-page-background-meta":{"desktop":{"background-color":"var(--ast-global-color-4)","background-image":"","background-repeat":"repeat","background-position":"center center","background-size":"auto","background-attachment":"scroll","background-type":"","background-media":"","overlay-type":"","overlay-color":"","overlay-opacity":"","overlay-gradient":""},"tablet":{"background-color":"","background-image":"","background-repeat":"repeat","background-position":"center center","background-size":"auto","background-attachment":"scroll","background-type":"","background-media":"","overlay-type":"","overlay-color":"","overlay-opacity":"","overlay-gradient":""},"mobile":{"background-color":"","background-image":"","background-repeat":"repeat","background-position":"center center","background-size":"auto","background-attachment":"scroll","background-type":"","background-media":"","overlay-type":"","overlay-color":"","overlay-opacity":"","overlay-gradient":""}},"ast-content-background-meta":{"desktop":{"background-color":"var(--ast-global-color-5)","background-image":"","background-repeat":"repeat","background-position":"center center","background-size":"auto","background-attachment":"scroll","background-type":"","background-media":"","overlay-type":"","overlay-color":"","overlay-opacity":"","overlay-gradient":""},"tablet":{"background-color":"var(--ast-global-color-5)","background-image":"","background-repeat":"repeat","background-position":"center center","background-size":"auto","background-attachment":"scroll","background-type":"","background-media":"","overlay-type":"","overlay-color":"","overlay-opacity":"","overlay-gradient":""},"mobile":{"background-color":"var(--ast-global-color-5)","background-image":"","background-repeat":"repeat","background-position":"center center","background-size":"auto","background-attachment":"scroll","background-type":"","background-media":"","overlay-type":"","overlay-color":"","overlay-opacity":"","overlay-gradient":""}},"footnotes":""},"class_list":["post-4099","page","type-page","status-publish","hentry"],"yoast_head":"<!-- This site is optimized with the Yoast SEO plugin v27.5 - https:\/\/yoast.com\/product\/yoast-seo-wordpress\/ -->\n<title>Pol\u00edtica de cookies - Esment Guies<\/title>\n<meta name=\"robots\" content=\"index, follow, max-snippet:-1, max-image-preview:large, max-video-preview:-1\" \/>\n<link rel=\"canonical\" href=\"https:\/\/esmentguies.es\/ca\/politica-cookies\/\" \/>\n<meta property=\"og:locale\" content=\"ca_ES\" \/>\n<meta property=\"og:type\" content=\"article\" \/>\n<meta property=\"og:title\" content=\"Pol\u00edtica de cookies - Esment Guies\" \/>\n<meta property=\"og:description\" content=\"QU\u00c8 S\u00d3N LES COOKIES? Aquest lloc web utilitza galetes i\/o tecnologies similars que emmagatzemen i recuperen informaci\u00f3 quan navega. En general, aquestes tecnologies poden servir per a finalitats molt diverses, com ara recon\u00e8ixer-lo com a usuari, obtenir informaci\u00f3 sobre els seus h\u00e0bits de navegaci\u00f3 o personalitzar la manera com es mostra el contingut. Hi ha [&hellip;]\" \/>\n<meta property=\"og:url\" content=\"https:\/\/esmentguies.es\/ca\/politica-cookies\/\" \/>\n<meta property=\"og:site_name\" content=\"Esment Guies\" \/>\n<meta property=\"article:modified_time\" content=\"2025-02-13T12:06:24+00:00\" \/>\n<meta name=\"twitter:card\" content=\"summary_large_image\" \/>\n<meta name=\"twitter:label1\" content=\"Temps estimat de lectura\" \/>\n\t<meta name=\"twitter:data1\" content=\"5 minuts\" \/>\n<script type=\"application\/ld+json\" class=\"yoast-schema-graph\">{\"@context\":\"https:\\\/\\\/schema.org\",\"@graph\":[{\"@type\":\"WebPage\",\"@id\":\"https:\\\/\\\/esmentguies.es\\\/ca\\\/politica-cookies\\\/\",\"url\":\"https:\\\/\\\/esmentguies.es\\\/ca\\\/politica-cookies\\\/\",\"name\":\"Pol\u00edtica de cookies - Esment Guies\",\"isPartOf\":{\"@id\":\"https:\\\/\\\/esmentguies.es\\\/ca\\\/#website\"},\"datePublished\":\"2021-05-23T12:24:07+00:00\",\"dateModified\":\"2025-02-13T12:06:24+00:00\",\"breadcrumb\":{\"@id\":\"https:\\\/\\\/esmentguies.es\\\/ca\\\/politica-cookies\\\/#breadcrumb\"},\"inLanguage\":\"ca\",\"potentialAction\":[{\"@type\":\"ReadAction\",\"target\":[\"https:\\\/\\\/esmentguies.es\\\/ca\\\/politica-cookies\\\/\"]}]},{\"@type\":\"BreadcrumbList\",\"@id\":\"https:\\\/\\\/esmentguies.es\\\/ca\\\/politica-cookies\\\/#breadcrumb\",\"itemListElement\":[{\"@type\":\"ListItem\",\"position\":1,\"name\":\"Portada\",\"item\":\"https:\\\/\\\/esmentguies.es\\\/ca\\\/home\\\/\"},{\"@type\":\"ListItem\",\"position\":2,\"name\":\"Pol\u00edtica de cookies\"}]},{\"@type\":\"WebSite\",\"@id\":\"https:\\\/\\\/esmentguies.es\\\/ca\\\/#website\",\"url\":\"https:\\\/\\\/esmentguies.es\\\/ca\\\/\",\"name\":\"Esment Guies\",\"description\":\"Una forma de conocer el proyecto de la entidad y de atenci\u00f3n al visitante con valor social.\",\"publisher\":{\"@id\":\"https:\\\/\\\/esmentguies.es\\\/ca\\\/#organization\"},\"potentialAction\":[{\"@type\":\"SearchAction\",\"target\":{\"@type\":\"EntryPoint\",\"urlTemplate\":\"https:\\\/\\\/esmentguies.es\\\/ca\\\/?s={search_term_string}\"},\"query-input\":{\"@type\":\"PropertyValueSpecification\",\"valueRequired\":true,\"valueName\":\"search_term_string\"}}],\"inLanguage\":\"ca\"},{\"@type\":\"Organization\",\"@id\":\"https:\\\/\\\/esmentguies.es\\\/ca\\\/#organization\",\"name\":\"Esment Guies\",\"url\":\"https:\\\/\\\/esmentguies.es\\\/ca\\\/\",\"logo\":{\"@type\":\"ImageObject\",\"inLanguage\":\"ca\",\"@id\":\"https:\\\/\\\/esmentguies.es\\\/ca\\\/#\\\/schema\\\/logo\\\/image\\\/\",\"url\":\"https:\\\/\\\/esmentguies.es\\\/wp-content\\\/uploads\\\/2018\\\/02\\\/blanco.png\",\"contentUrl\":\"https:\\\/\\\/esmentguies.es\\\/wp-content\\\/uploads\\\/2018\\\/02\\\/blanco.png\",\"width\":764,\"height\":188,\"caption\":\"Esment Guies\"},\"image\":{\"@id\":\"https:\\\/\\\/esmentguies.es\\\/ca\\\/#\\\/schema\\\/logo\\\/image\\\/\"}}]}<\/script>\n<!-- \/ Yoast SEO plugin. -->","yoast_head_json":{"title":"Pol\u00edtica de cookies - Esment Guies","robots":{"index":"index","follow":"follow","max-snippet":"max-snippet:-1","max-image-preview":"max-image-preview:large","max-video-preview":"max-video-preview:-1"},"canonical":"https:\/\/esmentguies.es\/ca\/politica-cookies\/","og_locale":"ca_ES","og_type":"article","og_title":"Pol\u00edtica de cookies - Esment Guies","og_description":"QU\u00c8 S\u00d3N LES COOKIES? Aquest lloc web utilitza galetes i\/o tecnologies similars que emmagatzemen i recuperen informaci\u00f3 quan navega. En general, aquestes tecnologies poden servir per a finalitats molt diverses, com ara recon\u00e8ixer-lo com a usuari, obtenir informaci\u00f3 sobre els seus h\u00e0bits de navegaci\u00f3 o personalitzar la manera com es mostra el contingut. Hi ha [&hellip;]","og_url":"https:\/\/esmentguies.es\/ca\/politica-cookies\/","og_site_name":"Esment Guies","article_modified_time":"2025-02-13T12:06:24+00:00","twitter_card":"summary_large_image","twitter_misc":{"Temps estimat de lectura":"5 minuts"},"schema":{"@context":"https:\/\/schema.org","@graph":[{"@type":"WebPage","@id":"https:\/\/esmentguies.es\/ca\/politica-cookies\/","url":"https:\/\/esmentguies.es\/ca\/politica-cookies\/","name":"Pol\u00edtica de cookies - Esment Guies","isPartOf":{"@id":"https:\/\/esmentguies.es\/ca\/#website"},"datePublished":"2021-05-23T12:24:07+00:00","dateModified":"2025-02-13T12:06:24+00:00","breadcrumb":{"@id":"https:\/\/esmentguies.es\/ca\/politica-cookies\/#breadcrumb"},"inLanguage":"ca","potentialAction":[{"@type":"ReadAction","target":["https:\/\/esmentguies.es\/ca\/politica-cookies\/"]}]},{"@type":"BreadcrumbList","@id":"https:\/\/esmentguies.es\/ca\/politica-cookies\/#breadcrumb","itemListElement":[{"@type":"ListItem","position":1,"name":"Portada","item":"https:\/\/esmentguies.es\/ca\/home\/"},{"@type":"ListItem","position":2,"name":"Pol\u00edtica de cookies"}]},{"@type":"WebSite","@id":"https:\/\/esmentguies.es\/ca\/#website","url":"https:\/\/esmentguies.es\/ca\/","name":"Esment Guies","description":"Una forma de conocer el proyecto de la entidad y de atenci\u00f3n al visitante con valor social.","publisher":{"@id":"https:\/\/esmentguies.es\/ca\/#organization"},"potentialAction":[{"@type":"SearchAction","target":{"@type":"EntryPoint","urlTemplate":"https:\/\/esmentguies.es\/ca\/?s={search_term_string}"},"query-input":{"@type":"PropertyValueSpecification","valueRequired":true,"valueName":"search_term_string"}}],"inLanguage":"ca"},{"@type":"Organization","@id":"https:\/\/esmentguies.es\/ca\/#organization","name":"Esment Guies","url":"https:\/\/esmentguies.es\/ca\/","logo":{"@type":"ImageObject","inLanguage":"ca","@id":"https:\/\/esmentguies.es\/ca\/#\/schema\/logo\/image\/","url":"https:\/\/esmentguies.es\/wp-content\/uploads\/2018\/02\/blanco.png","contentUrl":"https:\/\/esmentguies.es\/wp-content\/uploads\/2018\/02\/blanco.png","width":764,"height":188,"caption":"Esment Guies"},"image":{"@id":"https:\/\/esmentguies.es\/ca\/#\/schema\/logo\/image\/"}}]}},"pbg_featured_image_src":{"full":false,"thumbnail":false,"medium":false,"medium_large":false,"large":false,"1536x1536":false,"2048x2048":false},"pbg_author_info":{"display_name":"superadmin","author_link":"https:\/\/esmentguies.es\/ca\/author\/superadmin\/","author_img":"<img alt='superadmin' src='https:\/\/secure.gravatar.com\/avatar\/3f8f701c079a9b63b0be7dc826d51978245f4388d1bb50198f2002d3520d08c6?s=128&#038;d=mm&#038;r=g' srcset='https:\/\/secure.gravatar.com\/avatar\/3f8f701c079a9b63b0be7dc826d51978245f4388d1bb50198f2002d3520d08c6?s=256&#038;d=mm&#038;r=g 2x' class='avatar avatar-128 photo' height='128' width='128' decoding='async'\/>"},"pbg_comment_info":" No Comments","pbg_excerpt":"QU\u00c8 S\u00d3N LES COOKIES? Aquest lloc web utilitza galetes i\/o tecnologies similars que emmagatzemen i recuperen informaci\u00f3 quan navega. En general, aquestes tecnologies poden servir per a finalitats molt diverses, com ara recon\u00e8ixer-lo com a usuari, obtenir informaci\u00f3 sobre els seus h\u00e0bits de navegaci\u00f3 o personalitzar la manera com es mostra el contingut. Hi ha&hellip;","uagb_featured_image_src":{"full":false,"thumbnail":false,"medium":false,"medium_large":false,"large":false,"1536x1536":false,"2048x2048":false},"uagb_author_info":{"display_name":"superadmin","author_link":"https:\/\/esmentguies.es\/ca\/author\/superadmin\/"},"uagb_comment_info":0,"uagb_excerpt":"QU\u00c8 S\u00d3N LES COOKIES? Aquest lloc web utilitza galetes i\/o tecnologies similars que emmagatzemen i recuperen informaci\u00f3 quan navega. En general, aquestes tecnologies poden servir per a finalitats molt diverses, com ara recon\u00e8ixer-lo com a usuari, obtenir informaci\u00f3 sobre els seus h\u00e0bits de navegaci\u00f3 o personalitzar la manera com es mostra el contingut. Hi ha&hellip;","_links":{"self":[{"href":"https:\/\/esmentguies.es\/ca\/wp-json\/wp\/v2\/pages\/4099","targetHints":{"allow":["GET"]}}],"collection":[{"href":"https:\/\/esmentguies.es\/ca\/wp-json\/wp\/v2\/pages"}],"about":[{"href":"https:\/\/esmentguies.es\/ca\/wp-json\/wp\/v2\/types\/page"}],"author":[{"embeddable":true,"href":"https:\/\/esmentguies.es\/ca\/wp-json\/wp\/v2\/users\/1"}],"replies":[{"embeddable":true,"href":"https:\/\/esmentguies.es\/ca\/wp-json\/wp\/v2\/comments?post=4099"}],"version-history":[{"count":10,"href":"https:\/\/esmentguies.es\/ca\/wp-json\/wp\/v2\/pages\/4099\/revisions"}],"predecessor-version":[{"id":5650,"href":"https:\/\/esmentguies.es\/ca\/wp-json\/wp\/v2\/pages\/4099\/revisions\/5650"}],"wp:attachment":[{"href":"https:\/\/esmentguies.es\/ca\/wp-json\/wp\/v2\/media?parent=4099"}],"curies":[{"name":"wp","href":"https:\/\/api.w.org\/{rel}","templated":true}]}}