{"id":2279,"date":"2018-02-27T16:14:44","date_gmt":"2018-02-27T15:14:44","guid":{"rendered":"https:\/\/esmentguies.es\/?page_id=2279"},"modified":"2025-02-13T13:06:46","modified_gmt":"2025-02-13T12:06:46","slug":"informacion-al-visitante","status":"publish","type":"page","link":"https:\/\/esmentguies.es\/ca\/informacion-al-visitante\/","title":{"rendered":"Informaci\u00f3 al visitant"},"content":{"rendered":"\n<p><br\/><br\/><strong>Les visites solen durar m\u00e0xim 1 hora, depenent de cada activitat. Tamb\u00e9 es poden realitzar visites \/ tallers a mida.<\/strong><\/p>\n\n<p><strong>Durant les visites no es poden realitzar fotos o v\u00eddeos a persones de l&#8217; entitat sense previ consentiment.<\/strong><\/p>\n\n<p><strong>No et despistes del grup, \u00e9s millor fer tot l&#8217;itinerari junts i en un ordre amb els guies.<\/strong><\/p>\n\n<p><strong>Per realitzar les visites s&#8217;haur\u00e0 de complir amb el protocol covid vigent en cada moment.<\/strong><\/p>\n\n<p><b>Des d&#8217;Esment posem a la disposici\u00f3 dels visitants la possibilitat d&#8217;afegir a la visita servei d&#8217;esmorzar \/ berenar amb productes artesans del nostre obrador. P\u00eddens informaci\u00f3 per a aquest servei.<\/b><br\/><br\/><\/p>\n\n<div class=\"tb-gallery\" data-toolset-blocks-gallery=\"9c991cc85db7d05ee33a34246348b56b\"><ul class=\"tb-gallery tb-gallery--grid\"><li class=\"tb-gallery__cell\"><div class=\"tb-brick__content\"><figure><a href=\"https:\/\/esmentguies.es\/wp-content\/uploads\/2022\/09\/meriendas-scaled.jpg\" data-lightbox=\"c593bc7c-cec2-4733-95d9-3c20b2ca8c0c\"><img decoding=\"async\" width=\"1024\" height=\"768\" src=\"https:\/\/esmentguies.es\/wp-content\/uploads\/2022\/09\/meriendas-1024x768.jpg\" alt=\"\" data-id=\"4690\" data-full-url=\"https:\/\/esmentguies.es\/wp-content\/uploads\/2022\/09\/meriendas-scaled.jpg\" data-link=\"https:\/\/esmentguies.es\/meriendas\/\" class=\"wp-image-4690\" srcset=\"https:\/\/esmentguies.es\/wp-content\/uploads\/2022\/09\/meriendas-1024x768.jpg 1024w, https:\/\/esmentguies.es\/wp-content\/uploads\/2022\/09\/meriendas-300x225.jpg 300w, https:\/\/esmentguies.es\/wp-content\/uploads\/2022\/09\/meriendas-768x576.jpg 768w, https:\/\/esmentguies.es\/wp-content\/uploads\/2022\/09\/meriendas-1536x1152.jpg 1536w, https:\/\/esmentguies.es\/wp-content\/uploads\/2022\/09\/meriendas-2048x1536.jpg 2048w, https:\/\/esmentguies.es\/wp-content\/uploads\/2022\/09\/meriendas-scaled.jpg 1920w\" sizes=\"(max-width: 1024px) 100vw, 1024px\" \/><\/a><\/figure><\/div><\/li><li class=\"tb-gallery__cell\"><div class=\"tb-brick__content\"><figure><a href=\"https:\/\/esmentguies.es\/wp-content\/uploads\/2022\/09\/meriendas-2-scaled.jpg\" data-lightbox=\"c593bc7c-cec2-4733-95d9-3c20b2ca8c0c\"><img decoding=\"async\" width=\"1024\" height=\"768\" src=\"https:\/\/esmentguies.es\/wp-content\/uploads\/2022\/09\/meriendas-2-1024x768.jpg\" alt=\"\" data-id=\"4687\" data-full-url=\"https:\/\/esmentguies.es\/wp-content\/uploads\/2022\/09\/meriendas-2-scaled.jpg\" data-link=\"https:\/\/esmentguies.es\/meriendas-2\/\" class=\"wp-image-4687\" srcset=\"https:\/\/esmentguies.es\/wp-content\/uploads\/2022\/09\/meriendas-2-1024x768.jpg 1024w, https:\/\/esmentguies.es\/wp-content\/uploads\/2022\/09\/meriendas-2-300x225.jpg 300w, https:\/\/esmentguies.es\/wp-content\/uploads\/2022\/09\/meriendas-2-768x576.jpg 768w, https:\/\/esmentguies.es\/wp-content\/uploads\/2022\/09\/meriendas-2-1536x1152.jpg 1536w, https:\/\/esmentguies.es\/wp-content\/uploads\/2022\/09\/meriendas-2-2048x1536.jpg 2048w, https:\/\/esmentguies.es\/wp-content\/uploads\/2022\/09\/meriendas-2-scaled.jpg 1920w\" sizes=\"(max-width: 1024px) 100vw, 1024px\" \/><\/a><\/figure><\/div><\/li><\/ul><\/div>\n","protected":false},"excerpt":{"rendered":"<p>Les visites solen durar m\u00e0xim 1 hora, depenent de cada activitat. Tamb\u00e9 es poden realitzar visites \/ tallers a mida. Durant les visites no es poden realitzar fotos o v\u00eddeos a persones de l&#8217; entitat sense previ consentiment. No et despistes del grup, \u00e9s millor fer tot l&#8217;itinerari junts i en un ordre amb els [&hellip;]<\/p>\n","protected":false},"author":1,"featured_media":0,"parent":0,"menu_order":0,"comment_status":"closed","ping_status":"closed","template":"","meta":{"_uag_custom_page_level_css":"","site-sidebar-layout":"default","site-content-layout":"","ast-site-content-layout":"default","site-content-style":"default","site-sidebar-style":"default","ast-global-header-display":"","ast-banner-title-visibility":"","ast-main-header-display":"","ast-hfb-above-header-display":"","ast-hfb-below-header-display":"","ast-hfb-mobile-header-display":"","site-post-title":"","ast-breadcrumbs-content":"","ast-featured-img":"","footer-sml-layout":"","ast-disable-related-posts":"","theme-transparent-header-meta":"","adv-header-id-meta":"4037","stick-header-meta":"","header-above-stick-meta":"","header-main-stick-meta":"","header-below-stick-meta":"","astra-migrate-meta-layouts":"default","ast-page-background-enabled":"default","ast-page-background-meta":{"desktop":{"background-color":"var(--ast-global-color-4)","background-image":"","background-repeat":"repeat","background-position":"center center","background-size":"auto","background-attachment":"scroll","background-type":"","background-media":"","overlay-type":"","overlay-color":"","overlay-opacity":"","overlay-gradient":""},"tablet":{"background-color":"","background-image":"","background-repeat":"repeat","background-position":"center center","background-size":"auto","background-attachment":"scroll","background-type":"","background-media":"","overlay-type":"","overlay-color":"","overlay-opacity":"","overlay-gradient":""},"mobile":{"background-color":"","background-image":"","background-repeat":"repeat","background-position":"center center","background-size":"auto","background-attachment":"scroll","background-type":"","background-media":"","overlay-type":"","overlay-color":"","overlay-opacity":"","overlay-gradient":""}},"ast-content-background-meta":{"desktop":{"background-color":"var(--ast-global-color-5)","background-image":"","background-repeat":"repeat","background-position":"center center","background-size":"auto","background-attachment":"scroll","background-type":"","background-media":"","overlay-type":"","overlay-color":"","overlay-opacity":"","overlay-gradient":""},"tablet":{"background-color":"var(--ast-global-color-5)","background-image":"","background-repeat":"repeat","background-position":"center center","background-size":"auto","background-attachment":"scroll","background-type":"","background-media":"","overlay-type":"","overlay-color":"","overlay-opacity":"","overlay-gradient":""},"mobile":{"background-color":"var(--ast-global-color-5)","background-image":"","background-repeat":"repeat","background-position":"center center","background-size":"auto","background-attachment":"scroll","background-type":"","background-media":"","overlay-type":"","overlay-color":"","overlay-opacity":"","overlay-gradient":""}},"footnotes":""},"class_list":["post-2279","page","type-page","status-publish","hentry"],"yoast_head":"<!-- This site is optimized with the Yoast SEO plugin v27.5 - https:\/\/yoast.com\/product\/yoast-seo-wordpress\/ -->\n<title>Informaci\u00f3 al visitant - Esment Guies<\/title>\n<meta name=\"robots\" content=\"index, follow, max-snippet:-1, max-image-preview:large, max-video-preview:-1\" \/>\n<link rel=\"canonical\" href=\"https:\/\/esmentguies.es\/ca\/informacion-al-visitante\/\" \/>\n<meta property=\"og:locale\" content=\"ca_ES\" \/>\n<meta property=\"og:type\" content=\"article\" \/>\n<meta property=\"og:title\" content=\"Informaci\u00f3 al visitant - Esment Guies\" \/>\n<meta property=\"og:description\" content=\"Les visites solen durar m\u00e0xim 1 hora, depenent de cada activitat. Tamb\u00e9 es poden realitzar visites \/ tallers a mida. Durant les visites no es poden realitzar fotos o v\u00eddeos a persones de l&#8217; entitat sense previ consentiment. No et despistes del grup, \u00e9s millor fer tot l&#8217;itinerari junts i en un ordre amb els [&hellip;]\" \/>\n<meta property=\"og:url\" content=\"https:\/\/esmentguies.es\/ca\/informacion-al-visitante\/\" \/>\n<meta property=\"og:site_name\" content=\"Esment Guies\" \/>\n<meta property=\"article:modified_time\" content=\"2025-02-13T12:06:46+00:00\" \/>\n<meta property=\"og:image\" content=\"https:\/\/esmentguies.es\/wp-content\/uploads\/2022\/09\/meriendas-scaled.jpg\" \/>\n\t<meta property=\"og:image:width\" content=\"1920\" \/>\n\t<meta property=\"og:image:height\" content=\"1440\" \/>\n\t<meta property=\"og:image:type\" content=\"image\/jpeg\" \/>\n<meta name=\"twitter:card\" content=\"summary_large_image\" \/>\n<meta name=\"twitter:label1\" content=\"Temps estimat de lectura\" \/>\n\t<meta name=\"twitter:data1\" content=\"1 minut\" \/>\n<script type=\"application\/ld+json\" class=\"yoast-schema-graph\">{\"@context\":\"https:\\\/\\\/schema.org\",\"@graph\":[{\"@type\":\"WebPage\",\"@id\":\"https:\\\/\\\/esmentguies.es\\\/ca\\\/informacion-al-visitante\\\/\",\"url\":\"https:\\\/\\\/esmentguies.es\\\/ca\\\/informacion-al-visitante\\\/\",\"name\":\"Informaci\u00f3 al visitant - Esment Guies\",\"isPartOf\":{\"@id\":\"https:\\\/\\\/esmentguies.es\\\/ca\\\/#website\"},\"primaryImageOfPage\":{\"@id\":\"https:\\\/\\\/esmentguies.es\\\/ca\\\/informacion-al-visitante\\\/#primaryimage\"},\"image\":{\"@id\":\"https:\\\/\\\/esmentguies.es\\\/ca\\\/informacion-al-visitante\\\/#primaryimage\"},\"thumbnailUrl\":\"https:\\\/\\\/esmentguies.es\\\/wp-content\\\/uploads\\\/2022\\\/09\\\/meriendas-1024x768.jpg\",\"datePublished\":\"2018-02-27T15:14:44+00:00\",\"dateModified\":\"2025-02-13T12:06:46+00:00\",\"breadcrumb\":{\"@id\":\"https:\\\/\\\/esmentguies.es\\\/ca\\\/informacion-al-visitante\\\/#breadcrumb\"},\"inLanguage\":\"ca\",\"potentialAction\":[{\"@type\":\"ReadAction\",\"target\":[\"https:\\\/\\\/esmentguies.es\\\/ca\\\/informacion-al-visitante\\\/\"]}]},{\"@type\":\"ImageObject\",\"inLanguage\":\"ca\",\"@id\":\"https:\\\/\\\/esmentguies.es\\\/ca\\\/informacion-al-visitante\\\/#primaryimage\",\"url\":\"https:\\\/\\\/esmentguies.es\\\/wp-content\\\/uploads\\\/2022\\\/09\\\/meriendas-1024x768.jpg\",\"contentUrl\":\"https:\\\/\\\/esmentguies.es\\\/wp-content\\\/uploads\\\/2022\\\/09\\\/meriendas-1024x768.jpg\"},{\"@type\":\"BreadcrumbList\",\"@id\":\"https:\\\/\\\/esmentguies.es\\\/ca\\\/informacion-al-visitante\\\/#breadcrumb\",\"itemListElement\":[{\"@type\":\"ListItem\",\"position\":1,\"name\":\"Portada\",\"item\":\"https:\\\/\\\/esmentguies.es\\\/ca\\\/home\\\/\"},{\"@type\":\"ListItem\",\"position\":2,\"name\":\"Informaci\u00f3 al visitant\"}]},{\"@type\":\"WebSite\",\"@id\":\"https:\\\/\\\/esmentguies.es\\\/ca\\\/#website\",\"url\":\"https:\\\/\\\/esmentguies.es\\\/ca\\\/\",\"name\":\"Esment Guies\",\"description\":\"Una forma de conocer el proyecto de la entidad y de atenci\u00f3n al visitante con valor social.\",\"publisher\":{\"@id\":\"https:\\\/\\\/esmentguies.es\\\/ca\\\/#organization\"},\"potentialAction\":[{\"@type\":\"SearchAction\",\"target\":{\"@type\":\"EntryPoint\",\"urlTemplate\":\"https:\\\/\\\/esmentguies.es\\\/ca\\\/?s={search_term_string}\"},\"query-input\":{\"@type\":\"PropertyValueSpecification\",\"valueRequired\":true,\"valueName\":\"search_term_string\"}}],\"inLanguage\":\"ca\"},{\"@type\":\"Organization\",\"@id\":\"https:\\\/\\\/esmentguies.es\\\/ca\\\/#organization\",\"name\":\"Esment Guies\",\"url\":\"https:\\\/\\\/esmentguies.es\\\/ca\\\/\",\"logo\":{\"@type\":\"ImageObject\",\"inLanguage\":\"ca\",\"@id\":\"https:\\\/\\\/esmentguies.es\\\/ca\\\/#\\\/schema\\\/logo\\\/image\\\/\",\"url\":\"https:\\\/\\\/esmentguies.es\\\/wp-content\\\/uploads\\\/2018\\\/02\\\/blanco.png\",\"contentUrl\":\"https:\\\/\\\/esmentguies.es\\\/wp-content\\\/uploads\\\/2018\\\/02\\\/blanco.png\",\"width\":764,\"height\":188,\"caption\":\"Esment Guies\"},\"image\":{\"@id\":\"https:\\\/\\\/esmentguies.es\\\/ca\\\/#\\\/schema\\\/logo\\\/image\\\/\"}}]}<\/script>\n<!-- \/ Yoast SEO plugin. -->","yoast_head_json":{"title":"Informaci\u00f3 al visitant - Esment Guies","robots":{"index":"index","follow":"follow","max-snippet":"max-snippet:-1","max-image-preview":"max-image-preview:large","max-video-preview":"max-video-preview:-1"},"canonical":"https:\/\/esmentguies.es\/ca\/informacion-al-visitante\/","og_locale":"ca_ES","og_type":"article","og_title":"Informaci\u00f3 al visitant - Esment Guies","og_description":"Les visites solen durar m\u00e0xim 1 hora, depenent de cada activitat. Tamb\u00e9 es poden realitzar visites \/ tallers a mida. Durant les visites no es poden realitzar fotos o v\u00eddeos a persones de l&#8217; entitat sense previ consentiment. No et despistes del grup, \u00e9s millor fer tot l&#8217;itinerari junts i en un ordre amb els [&hellip;]","og_url":"https:\/\/esmentguies.es\/ca\/informacion-al-visitante\/","og_site_name":"Esment Guies","article_modified_time":"2025-02-13T12:06:46+00:00","og_image":[{"width":1920,"height":1440,"url":"https:\/\/esmentguies.es\/wp-content\/uploads\/2022\/09\/meriendas-scaled.jpg","type":"image\/jpeg"}],"twitter_card":"summary_large_image","twitter_misc":{"Temps estimat de lectura":"1 minut"},"schema":{"@context":"https:\/\/schema.org","@graph":[{"@type":"WebPage","@id":"https:\/\/esmentguies.es\/ca\/informacion-al-visitante\/","url":"https:\/\/esmentguies.es\/ca\/informacion-al-visitante\/","name":"Informaci\u00f3 al visitant - Esment Guies","isPartOf":{"@id":"https:\/\/esmentguies.es\/ca\/#website"},"primaryImageOfPage":{"@id":"https:\/\/esmentguies.es\/ca\/informacion-al-visitante\/#primaryimage"},"image":{"@id":"https:\/\/esmentguies.es\/ca\/informacion-al-visitante\/#primaryimage"},"thumbnailUrl":"https:\/\/esmentguies.es\/wp-content\/uploads\/2022\/09\/meriendas-1024x768.jpg","datePublished":"2018-02-27T15:14:44+00:00","dateModified":"2025-02-13T12:06:46+00:00","breadcrumb":{"@id":"https:\/\/esmentguies.es\/ca\/informacion-al-visitante\/#breadcrumb"},"inLanguage":"ca","potentialAction":[{"@type":"ReadAction","target":["https:\/\/esmentguies.es\/ca\/informacion-al-visitante\/"]}]},{"@type":"ImageObject","inLanguage":"ca","@id":"https:\/\/esmentguies.es\/ca\/informacion-al-visitante\/#primaryimage","url":"https:\/\/esmentguies.es\/wp-content\/uploads\/2022\/09\/meriendas-1024x768.jpg","contentUrl":"https:\/\/esmentguies.es\/wp-content\/uploads\/2022\/09\/meriendas-1024x768.jpg"},{"@type":"BreadcrumbList","@id":"https:\/\/esmentguies.es\/ca\/informacion-al-visitante\/#breadcrumb","itemListElement":[{"@type":"ListItem","position":1,"name":"Portada","item":"https:\/\/esmentguies.es\/ca\/home\/"},{"@type":"ListItem","position":2,"name":"Informaci\u00f3 al visitant"}]},{"@type":"WebSite","@id":"https:\/\/esmentguies.es\/ca\/#website","url":"https:\/\/esmentguies.es\/ca\/","name":"Esment Guies","description":"Una forma de conocer el proyecto de la entidad y de atenci\u00f3n al visitante con valor social.","publisher":{"@id":"https:\/\/esmentguies.es\/ca\/#organization"},"potentialAction":[{"@type":"SearchAction","target":{"@type":"EntryPoint","urlTemplate":"https:\/\/esmentguies.es\/ca\/?s={search_term_string}"},"query-input":{"@type":"PropertyValueSpecification","valueRequired":true,"valueName":"search_term_string"}}],"inLanguage":"ca"},{"@type":"Organization","@id":"https:\/\/esmentguies.es\/ca\/#organization","name":"Esment Guies","url":"https:\/\/esmentguies.es\/ca\/","logo":{"@type":"ImageObject","inLanguage":"ca","@id":"https:\/\/esmentguies.es\/ca\/#\/schema\/logo\/image\/","url":"https:\/\/esmentguies.es\/wp-content\/uploads\/2018\/02\/blanco.png","contentUrl":"https:\/\/esmentguies.es\/wp-content\/uploads\/2018\/02\/blanco.png","width":764,"height":188,"caption":"Esment Guies"},"image":{"@id":"https:\/\/esmentguies.es\/ca\/#\/schema\/logo\/image\/"}}]}},"pbg_featured_image_src":{"full":false,"thumbnail":false,"medium":false,"medium_large":false,"large":false,"1536x1536":false,"2048x2048":false},"pbg_author_info":{"display_name":"superadmin","author_link":"https:\/\/esmentguies.es\/ca\/author\/superadmin\/","author_img":"<img alt='superadmin' src='https:\/\/secure.gravatar.com\/avatar\/3f8f701c079a9b63b0be7dc826d51978245f4388d1bb50198f2002d3520d08c6?s=128&#038;d=mm&#038;r=g' srcset='https:\/\/secure.gravatar.com\/avatar\/3f8f701c079a9b63b0be7dc826d51978245f4388d1bb50198f2002d3520d08c6?s=256&#038;d=mm&#038;r=g 2x' class='avatar avatar-128 photo' height='128' width='128' decoding='async'\/>"},"pbg_comment_info":" No Comments","pbg_excerpt":"Les visites solen durar m\u00e0xim 1 hora, depenent de cada activitat. Tamb\u00e9 es poden realitzar visites \/ tallers a mida. Durant les visites no es poden realitzar fotos o v\u00eddeos a persones de l&#8217; entitat sense previ consentiment. No et despistes del grup, \u00e9s millor fer tot l&#8217;itinerari junts i en un ordre amb els&hellip;","uagb_featured_image_src":{"full":false,"thumbnail":false,"medium":false,"medium_large":false,"large":false,"1536x1536":false,"2048x2048":false},"uagb_author_info":{"display_name":"superadmin","author_link":"https:\/\/esmentguies.es\/ca\/author\/superadmin\/"},"uagb_comment_info":0,"uagb_excerpt":"Les visites solen durar m\u00e0xim 1 hora, depenent de cada activitat. Tamb\u00e9 es poden realitzar visites \/ tallers a mida. Durant les visites no es poden realitzar fotos o v\u00eddeos a persones de l&#8217; entitat sense previ consentiment. No et despistes del grup, \u00e9s millor fer tot l&#8217;itinerari junts i en un ordre amb els&hellip;","_links":{"self":[{"href":"https:\/\/esmentguies.es\/ca\/wp-json\/wp\/v2\/pages\/2279","targetHints":{"allow":["GET"]}}],"collection":[{"href":"https:\/\/esmentguies.es\/ca\/wp-json\/wp\/v2\/pages"}],"about":[{"href":"https:\/\/esmentguies.es\/ca\/wp-json\/wp\/v2\/types\/page"}],"author":[{"embeddable":true,"href":"https:\/\/esmentguies.es\/ca\/wp-json\/wp\/v2\/users\/1"}],"replies":[{"embeddable":true,"href":"https:\/\/esmentguies.es\/ca\/wp-json\/wp\/v2\/comments?post=2279"}],"version-history":[{"count":9,"href":"https:\/\/esmentguies.es\/ca\/wp-json\/wp\/v2\/pages\/2279\/revisions"}],"predecessor-version":[{"id":5945,"href":"https:\/\/esmentguies.es\/ca\/wp-json\/wp\/v2\/pages\/2279\/revisions\/5945"}],"wp:attachment":[{"href":"https:\/\/esmentguies.es\/ca\/wp-json\/wp\/v2\/media?parent=2279"}],"curies":[{"name":"wp","href":"https:\/\/api.w.org\/{rel}","templated":true}]}}